{"id":3296,"date":"2024-04-28T17:04:39","date_gmt":"2024-04-28T15:04:39","guid":{"rendered":"https:\/\/www.ramatsdefoc.org\/educacio\/"},"modified":"2025-05-29T12:11:33","modified_gmt":"2025-05-29T10:11:33","slug":"educacio","status":"publish","type":"page","link":"https:\/\/www.ramatsdefoc.org\/es\/educacio\/","title":{"rendered":"Conocimiento"},"content":{"rendered":"<div class=\"gb-container gb-container-81d3dffe gbp-section\">\n<div class=\"gb-container gb-container-8f8a6913 gbp-section__inner\">\n<div class=\"gb-container gb-container-87b9564a\">\n\n<div class=\"gb-headline gb-headline-4743833a gb-headline-text gbp-section__tagline\">SOCIEDAD<\/div>\n\n\n<h1 class=\"gb-headline gb-headline-2cd339e2 gb-headline-text gbp-section__headline\">Conocimiento<\/h1>\n<\/div>\n\n<div class=\"gb-container gb-container-a2c5e90a\">\n\n<div class=\"gb-headline gb-headline-e5d02149 gb-headline-text gbp-section__text\">Cuando hablamos de fomento y mantenimiento de la ganader\u00eda extensiva estamos hablando de la creaci\u00f3n de un sistema socioecon\u00f3mico que la haga posible. El impacto que tiene para la gesti\u00f3n del riesgo de incendios debe ser entendido y valorado por la sociedad. De la misma forma que debemos poner de relieve el impacto que tiene en los diferentes \u00e1mbitos que como sociedad valoramos: patrimonio natural y cultural; biodiversidad; econom\u00eda y fijaci\u00f3n de poblaci\u00f3n rural o calidad de los productos. En esta secci\u00f3n queremos poner todo esto sobre la mesa.<\/div>\n\n<\/div>\n<\/div>\n\n<div class=\"gb-container gb-container-953a5ce8\">\n<div class=\"gb-grid-wrapper gb-grid-wrapper-cf27bb6a\">\n<div class=\"gb-grid-column gb-grid-column-5ac210df\"><div class=\"gb-container gb-container-5ac210df\">\n\n<figure class=\"gb-block-image gb-block-image-5d9e4229\"><img decoding=\"async\" width=\"300\" height=\"225\" class=\"gb-image gb-image-5d9e4229 rdf-img-colaborador lazyload\" data-src=\"https:\/\/www.ramatsdefoc.org\/wp-content\/uploads\/2025\/05\/WhatsApp-Image-2025-05-27-at-20.32.56-300x225.jpeg\" alt=\"\" title=\"WhatsApp Image 2025-05-27 at 20.32.56\" data-srcset=\"https:\/\/www.ramatsdefoc.org\/wp-content\/uploads\/2025\/05\/WhatsApp-Image-2025-05-27-at-20.32.56-300x225.jpeg 300w, https:\/\/www.ramatsdefoc.org\/wp-content\/uploads\/2025\/05\/WhatsApp-Image-2025-05-27-at-20.32.56-1024x768.jpeg 1024w, https:\/\/www.ramatsdefoc.org\/wp-content\/uploads\/2025\/05\/WhatsApp-Image-2025-05-27-at-20.32.56-768x576.jpeg 768w, https:\/\/www.ramatsdefoc.org\/wp-content\/uploads\/2025\/05\/WhatsApp-Image-2025-05-27-at-20.32.56-1536x1152.jpeg 1536w, https:\/\/www.ramatsdefoc.org\/wp-content\/uploads\/2025\/05\/WhatsApp-Image-2025-05-27-at-20.32.56.jpeg 1600w\" data-sizes=\"(max-width: 300px) 100vw, 300px\" src=\"data:image\/svg+xml;base64,PHN2ZyB3aWR0aD0iMSIgaGVpZ2h0PSIxIiB4bWxucz0iaHR0cDovL3d3dy53My5vcmcvMjAwMC9zdmciPjwvc3ZnPg==\" style=\"--smush-placeholder-width: 300px; --smush-placeholder-aspect-ratio: 300\/225;\" \/><\/figure>\n\n\n\n<h3 class=\"gb-headline gb-headline-65067572 gb-headline-text gbp-card__title\">\u00bfC\u00f3mo tienen que ser los pastos para conseguir la certificaci\u00f3n de silvopastoreo prescrito?<\/h3>\n\n\n\n<div class=\"gb-headline gb-headline-3f5bef99 gb-headline-text gbp-card__text\">ofrecemos una gu\u00eda con indicaciones para saber si cumpl\u00eds los criterios de certificaci\u00f3n o si es necesario adaptar el manejo.<\/div>\n\n\n<div class=\"gb-container gb-container-937371bf\">\n\n<a class=\"gb-button gb-button-0a6d0171 gb-button-text btn-primary\" href=\"https:\/\/www.ramatsdefoc.org\/es\/como-deben-ser-los-pastos-para-obtener-la-certificacion-de-silvopastoreo-prescrito\/\" target=\"_blank\" rel=\"noopener noreferrer\">+Info<\/a>\n\n<\/div>\n<\/div><\/div>\n\n<div class=\"gb-grid-column gb-grid-column-5e9e5d9e\"><div class=\"gb-container gb-container-5e9e5d9e\">\n\n<figure class=\"gb-block-image gb-block-image-54c52152\"><img decoding=\"async\" width=\"1024\" height=\"721\" class=\"gb-image gb-image-54c52152 rdf-img-colaborador lazyload\" data-src=\"https:\/\/www.ramatsdefoc.org\/wp-content\/uploads\/2024\/07\/llibre2-1024x721.jpg\" alt=\"\" title=\"llibre2\" data-srcset=\"https:\/\/www.ramatsdefoc.org\/wp-content\/uploads\/2024\/07\/llibre2-1024x721.jpg 1024w, https:\/\/www.ramatsdefoc.org\/wp-content\/uploads\/2024\/07\/llibre2-300x211.jpg 300w, https:\/\/www.ramatsdefoc.org\/wp-content\/uploads\/2024\/07\/llibre2-768x541.jpg 768w, https:\/\/www.ramatsdefoc.org\/wp-content\/uploads\/2024\/07\/llibre2-1536x1082.jpg 1536w, https:\/\/www.ramatsdefoc.org\/wp-content\/uploads\/2024\/07\/llibre2.jpg 1600w\" data-sizes=\"(max-width: 1024px) 100vw, 1024px\" src=\"data:image\/svg+xml;base64,PHN2ZyB3aWR0aD0iMSIgaGVpZ2h0PSIxIiB4bWxucz0iaHR0cDovL3d3dy53My5vcmcvMjAwMC9zdmciPjwvc3ZnPg==\" style=\"--smush-placeholder-width: 1024px; --smush-placeholder-aspect-ratio: 1024\/721;\" \/><\/figure>\n\n\n\n<h3 class=\"gb-headline gb-headline-961118ea gb-headline-text gbp-card__title\">\u00abFire Flocks: Participating Farmers\u2019 Perceptions after Five Years of Development\u00bb <\/h3>\n\n\n\n<div class=\"gb-headline gb-headline-72f84b35 gb-headline-text gbp-card__text\">Art\u00edculo que analiza las debilidades y logros del proyecto.<\/div>\n\n\n<div class=\"gb-container gb-container-4f334a51\">\n\n<a class=\"gb-button gb-button-fd4fd634 gb-button-text btn-primary\" href=\"https:\/\/www.mdpi.com\/2073-445X\/11\/10\/1718\" target=\"_blank\" rel=\"noopener noreferrer\">+Info<\/a>\n\n<\/div>\n<\/div><\/div>\n\n<div class=\"gb-grid-column gb-grid-column-cd66795d\"><div class=\"gb-container gb-container-cd66795d\">\n\n<figure class=\"gb-block-image gb-block-image-7f493416\"><img decoding=\"async\" width=\"1600\" height=\"1120\" class=\"gb-image gb-image-7f493416 rdf-img-colaborador lazyload\" data-src=\"https:\/\/www.ramatsdefoc.org\/wp-content\/uploads\/2024\/06\/Disseny-sense-titol-3-1.jpg\" alt=\"\" title=\"Disseny-sense-titol-3-1\" data-srcset=\"https:\/\/www.ramatsdefoc.org\/wp-content\/uploads\/2024\/06\/Disseny-sense-titol-3-1.jpg 1600w, https:\/\/www.ramatsdefoc.org\/wp-content\/uploads\/2024\/06\/Disseny-sense-titol-3-1-300x210.jpg 300w, https:\/\/www.ramatsdefoc.org\/wp-content\/uploads\/2024\/06\/Disseny-sense-titol-3-1-1024x717.jpg 1024w, https:\/\/www.ramatsdefoc.org\/wp-content\/uploads\/2024\/06\/Disseny-sense-titol-3-1-768x538.jpg 768w, https:\/\/www.ramatsdefoc.org\/wp-content\/uploads\/2024\/06\/Disseny-sense-titol-3-1-1536x1075.jpg 1536w\" data-sizes=\"(max-width: 1600px) 100vw, 1600px\" src=\"data:image\/svg+xml;base64,PHN2ZyB3aWR0aD0iMSIgaGVpZ2h0PSIxIiB4bWxucz0iaHR0cDovL3d3dy53My5vcmcvMjAwMC9zdmciPjwvc3ZnPg==\" style=\"--smush-placeholder-width: 1600px; --smush-placeholder-aspect-ratio: 1600\/1120;\" \/><\/figure>\n\n\n\n<h3 class=\"gb-headline gb-headline-d1b5fd43 gb-headline-text gbp-card__title\">Perros de protecci\u00f3n del reba\u00f1o<\/h3>\n\n\n\n<div class=\"gb-headline gb-headline-a12f8398 gb-headline-text gbp-card__text\">Te explicamos cu\u00e1l es su funci\u00f3n, aspectos de su tarea y c\u00f3mo debes actuar si te encuentras con un perro de protecci\u00f3n que est\u00e1 cuidando del reba\u00f1o.  <\/div>\n\n\n<div class=\"gb-container gb-container-0ff50824\">\n\n<a class=\"gb-button gb-button-bf5a4c0f gb-button-text btn-primary\" href=\"https:\/\/www.ramatsdefoc.org\/wp-content\/uploads\/2024\/06\/Gossos-de-proteccio.pdf\" target=\"_blank\" rel=\"noopener noreferrer\">+Info<\/a>\n\n<\/div>\n<\/div><\/div>\n\n<div class=\"gb-grid-column gb-grid-column-85b7ec63\"><div class=\"gb-container gb-container-85b7ec63\">\n\n<figure class=\"gb-block-image gb-block-image-c7f097c0\"><img decoding=\"async\" width=\"1024\" height=\"654\" class=\"gb-image gb-image-c7f097c0 rdf-img-colaborador lazyload\" data-src=\"https:\/\/www.ramatsdefoc.org\/wp-content\/uploads\/2024\/06\/Silvopastura-RdF_Pagina_3-1024x654.jpg\" alt=\"\" title=\"Silvopastura-RdF_Pagina_3\" data-srcset=\"https:\/\/www.ramatsdefoc.org\/wp-content\/uploads\/2024\/06\/Silvopastura-RdF_Pagina_3-1024x654.jpg 1024w, https:\/\/www.ramatsdefoc.org\/wp-content\/uploads\/2024\/06\/Silvopastura-RdF_Pagina_3-300x192.jpg 300w, https:\/\/www.ramatsdefoc.org\/wp-content\/uploads\/2024\/06\/Silvopastura-RdF_Pagina_3-768x491.jpg 768w, https:\/\/www.ramatsdefoc.org\/wp-content\/uploads\/2024\/06\/Silvopastura-RdF_Pagina_3.jpg 1080w\" data-sizes=\"(max-width: 1024px) 100vw, 1024px\" src=\"data:image\/svg+xml;base64,PHN2ZyB3aWR0aD0iMSIgaGVpZ2h0PSIxIiB4bWxucz0iaHR0cDovL3d3dy53My5vcmcvMjAwMC9zdmciPjwvc3ZnPg==\" style=\"--smush-placeholder-width: 1024px; --smush-placeholder-aspect-ratio: 1024\/654;\" \/><\/figure>\n\n\n\n<h3 class=\"gb-headline gb-headline-21c90971 gb-headline-text gbp-card__title\">Silvopastura prescrita y trabajos silv\u00edcolas<\/h3>\n\n\n\n<div class=\"gb-headline gb-headline-280fd9f6 gb-headline-text gbp-card__text\">Aclaramos ambos conceptos y te lo explicamos en el marco de Reba\u00f1os de Fuego, incidiendo en las ventajas de la silvopastura prescrita y el deber social de recompensarla.<\/div>\n\n\n<div class=\"gb-container gb-container-25714a4a\">\n\n<a class=\"gb-button gb-button-623c898f gb-button-text btn-primary\" href=\"https:\/\/www.ramatsdefoc.org\/wp-content\/uploads\/2024\/06\/Silvopastura-RdF.pdf\" target=\"_blank\" rel=\"noopener noreferrer\">+Info<\/a>\n\n<\/div>\n<\/div><\/div>\n\n<div class=\"gb-grid-column gb-grid-column-52665e9c\"><div class=\"gb-container gb-container-52665e9c\">\n\n<figure class=\"gb-block-image gb-block-image-20a8bfae\"><img decoding=\"async\" width=\"300\" height=\"210\" class=\"gb-image gb-image-20a8bfae rdf-img-colaborador lazyload\" data-src=\"https:\/\/www.ramatsdefoc.org\/wp-content\/uploads\/2024\/06\/arees-estrategiques2-300x210.jpg\" alt=\"\" title=\"arees-estrategiques2\" data-srcset=\"https:\/\/www.ramatsdefoc.org\/wp-content\/uploads\/2024\/06\/arees-estrategiques2-300x210.jpg 300w, https:\/\/www.ramatsdefoc.org\/wp-content\/uploads\/2024\/06\/arees-estrategiques2-1024x717.jpg 1024w, https:\/\/www.ramatsdefoc.org\/wp-content\/uploads\/2024\/06\/arees-estrategiques2-768x538.jpg 768w, https:\/\/www.ramatsdefoc.org\/wp-content\/uploads\/2024\/06\/arees-estrategiques2-1536x1075.jpg 1536w, https:\/\/www.ramatsdefoc.org\/wp-content\/uploads\/2024\/06\/arees-estrategiques2.jpg 1600w\" data-sizes=\"(max-width: 300px) 100vw, 300px\" src=\"data:image\/svg+xml;base64,PHN2ZyB3aWR0aD0iMSIgaGVpZ2h0PSIxIiB4bWxucz0iaHR0cDovL3d3dy53My5vcmcvMjAwMC9zdmciPjwvc3ZnPg==\" style=\"--smush-placeholder-width: 300px; --smush-placeholder-aspect-ratio: 300\/210;\" \/><\/figure>\n\n\n\n<h3 class=\"gb-headline gb-headline-abded887 gb-headline-text gbp-card__title\">\u00bfQu\u00e9 son las zonas estrat\u00e9gicas de gesti\u00f3n? <\/h3>\n\n\n\n<div class=\"gb-headline gb-headline-a7db0d8b gb-headline-text gbp-card__text\">Los ganaderos\/as de Reba\u00f1os de Fuego llevan sus reba\u00f1os a pastar en zonas que se consideran estrat\u00e9gicas para la gesti\u00f3n del riesgo de incendios forestales. Pero, \u00bfqu\u00e9 son, qui\u00e9n y c\u00f3mo se definen estas zonas?<\/div>\n\n\n<div class=\"gb-container gb-container-6e41dcfc\">\n\n<a class=\"gb-button gb-button-cda159d5 gb-button-text btn-primary\" href=\"https:\/\/www.ramatsdefoc.org\/wp-content\/uploads\/2024\/06\/Zones-estrategiques-i-Ramats-de-Foc.pdf\" target=\"_blank\" rel=\"noopener noreferrer\">+Info<\/a>\n\n<\/div>\n<\/div><\/div>\n<\/div>\n<\/div>\n<\/div>","protected":false},"excerpt":{"rendered":"<p>SOCIEDAD Conocimiento Cuando hablamos de fomento y mantenimiento de la ganader\u00eda extensiva estamos hablando de la creaci\u00f3n de un sistema socioecon\u00f3mico que la haga posible. El impacto que tiene para la gesti\u00f3n del riesgo de &#8230; <a title=\"Conocimiento\" class=\"read-more\" href=\"https:\/\/www.ramatsdefoc.org\/es\/educacio\/\" aria-label=\"Leer m\u00e1s sobre Conocimiento\">Llegir m\u00e9s<\/a><\/p>\n","protected":false},"author":4,"featured_media":0,"parent":0,"menu_order":0,"comment_status":"closed","ping_status":"closed","template":"","meta":{"_acf_changed":false,"footnotes":""},"class_list":["post-3296","page","type-page","status-publish"],"acf":[],"_links":{"self":[{"href":"https:\/\/www.ramatsdefoc.org\/es\/wp-json\/wp\/v2\/pages\/3296","targetHints":{"allow":["GET"]}}],"collection":[{"href":"https:\/\/www.ramatsdefoc.org\/es\/wp-json\/wp\/v2\/pages"}],"about":[{"href":"https:\/\/www.ramatsdefoc.org\/es\/wp-json\/wp\/v2\/types\/page"}],"author":[{"embeddable":true,"href":"https:\/\/www.ramatsdefoc.org\/es\/wp-json\/wp\/v2\/users\/4"}],"replies":[{"embeddable":true,"href":"https:\/\/www.ramatsdefoc.org\/es\/wp-json\/wp\/v2\/comments?post=3296"}],"version-history":[{"count":10,"href":"https:\/\/www.ramatsdefoc.org\/es\/wp-json\/wp\/v2\/pages\/3296\/revisions"}],"predecessor-version":[{"id":4737,"href":"https:\/\/www.ramatsdefoc.org\/es\/wp-json\/wp\/v2\/pages\/3296\/revisions\/4737"}],"wp:attachment":[{"href":"https:\/\/www.ramatsdefoc.org\/es\/wp-json\/wp\/v2\/media?parent=3296"}],"curies":[{"name":"wp","href":"https:\/\/api.w.org\/{rel}","templated":true}]}}