{"id":3276,"date":"2024-05-29T16:38:12","date_gmt":"2024-05-29T14:38:12","guid":{"rendered":"https:\/\/www.ramatsdefoc.org\/els-productes\/"},"modified":"2024-07-12T15:40:10","modified_gmt":"2024-07-12T13:40:10","slug":"els-productes","status":"publish","type":"page","link":"https:\/\/www.ramatsdefoc.org\/es\/els-productes\/","title":{"rendered":"Los productos"},"content":{"rendered":"<div class=\"gb-container gb-container-f2b1b138\">\n<div class=\"gb-grid-wrapper gb-grid-wrapper-e7861213\">\n<div class=\"gb-grid-column gb-grid-column-7d002659\"><div class=\"gb-container gb-container-7d002659\">\n\n<div class=\"gb-headline gb-headline-fda7c7e9 gb-headline-text gbp-section__tagline\">PRODUCToS<\/div>\n\n\n\n<h1 class=\"gb-headline gb-headline-32d3975f gb-headline-text\">Productos con el sello Reba\u00f1os de Fuego<\/h1>\n\n\n\n<div class=\"gb-headline gb-headline-758fd936 gb-headline-text gbp-section__text\">Trabajamos para ampliar la red de establecimientos que ofrecen productos con el sello \u00abReba\u00f1os de Fuego\u00bb. Consumir productos de reba\u00f1os que han pastado en zonas estrat\u00e9gicas para la prevenci\u00f3n de incendios forestales es tambi\u00e9n contribuir a dinamizar la econom\u00eda local, fijar poblaci\u00f3n y por tanto, mantener viva la ganader\u00eda extensiva en los bosques mediterr\u00e1neos. <\/div>\n\n<\/div><\/div>\n\n<div class=\"gb-grid-column gb-grid-column-a464a15e\"><div class=\"gb-container gb-container-a464a15e\">\n\n<div class=\"gb-headline gb-headline-02ffcde7\"><span class=\"gb-icon\"><svg viewBox=\"0 0 92.8 119.2\" style=\"enable-background:new 0 0 92.8 119.2\" xml:space=\"preserve\"><path d=\"M64.7 118.8c-.6-.2 2.4-3.1 3.6-5.3.5-1 1.3-2.4 1.9-4.3.4-1.3 1.2-3.6 1.2-6.6 0-4.2-1.6-7.4-2.6-9.4s-2.4-4-4-5.7c-3.2-3.5-6.7-6.8-10-10.3-3.8-4.2-7.1-8.7-8.4-14.3-.4-1.5-.8-2.9-.7-4.4.1-.6.2-1.4-.6-1.7-.6-.2-1 .2-1.5.5-9 6.3-15.8 14.6-20.5 24.4-2.6 5.3-4.3 11-3.8 17 .5 5.9 2.1 11.6 6 16.3.4.4.8.8.9 1.4 0 .2 0 .6-.2.8-.3.3-.6.3-1 .1-8.9-5.2-16.4-11.6-20.9-21.2C1 89.4-.4 82.5.8 75.3c.7-4.4 2.4-8.6 4.5-12.6 2.9-5.5 7-10.2 10.9-14.9C21 42 25.6 35.9 28.9 29.1c3.3-6.7 5.1-13.8 5-21.4 0-1.7-.2-3.4-.8-5-.3-.7-.5-1.6.2-2.1.7-.4 1.5-.1 2.1.4 1.2.9 2.5 1.6 3.8 2.3 7.2 4.3 14.4 8.7 20.7 14.3 5 4.4 9.5 9.3 13.7 14.5 4.5 5.5 8.6 11.3 12 17.6 4.6 8.6 7.3 17.7 6.8 27.4-.4 7.5-2.1 14.3-5.2 20.5-2.3 4.5-6 12.1-14.4 17.4-3.1 2-7.5 3.9-8.1 3.8z\"><\/path><\/svg><\/span><\/div>\n\n\n\n<figure class=\"wp-block-image size-full\"><img decoding=\"async\" width=\"977\" height=\"691\" data-src=\"https:\/\/www.ramatsdefoc.org\/wp-content\/uploads\/2024\/06\/Consumidor_RF_b.jpg\" alt=\"\" class=\"wp-image-3134 lazyload\" data-srcset=\"https:\/\/www.ramatsdefoc.org\/wp-content\/uploads\/2024\/06\/Consumidor_RF_b.jpg 977w, https:\/\/www.ramatsdefoc.org\/wp-content\/uploads\/2024\/06\/Consumidor_RF_b-300x212.jpg 300w, https:\/\/www.ramatsdefoc.org\/wp-content\/uploads\/2024\/06\/Consumidor_RF_b-768x543.jpg 768w\" data-sizes=\"(max-width: 977px) 100vw, 977px\" src=\"data:image\/svg+xml;base64,PHN2ZyB3aWR0aD0iMSIgaGVpZ2h0PSIxIiB4bWxucz0iaHR0cDovL3d3dy53My5vcmcvMjAwMC9zdmciPjwvc3ZnPg==\" style=\"--smush-placeholder-width: 977px; --smush-placeholder-aspect-ratio: 977\/691;\" \/><\/figure>\n\n<\/div><\/div>\n<\/div>\n<\/div>\n\n<div class=\"gb-container gb-container-2f9c21a3 alignfull\">\n<div class=\"gb-container gb-container-2a86feb4\">\n\n<figure class=\"gb-block-image gb-block-image-eeca57b3\"><img decoding=\"async\" width=\"300\" height=\"263\" class=\"gb-image gb-image-eeca57b3 lazyload\" data-src=\"https:\/\/www.ramatsdefoc.org\/wp-content\/uploads\/2024\/05\/logo-ramats-360-300x263.png\" alt=\"\" title=\"logo-ramats-360\" data-srcset=\"https:\/\/www.ramatsdefoc.org\/wp-content\/uploads\/2024\/05\/logo-ramats-360-300x263.png 300w, https:\/\/www.ramatsdefoc.org\/wp-content\/uploads\/2024\/05\/logo-ramats-360.png 360w\" data-sizes=\"(max-width: 300px) 100vw, 300px\" src=\"data:image\/svg+xml;base64,PHN2ZyB3aWR0aD0iMSIgaGVpZ2h0PSIxIiB4bWxucz0iaHR0cDovL3d3dy53My5vcmcvMjAwMC9zdmciPjwvc3ZnPg==\" style=\"--smush-placeholder-width: 300px; --smush-placeholder-aspect-ratio: 300\/263;\" \/><\/figure>\n\n\n<div class=\"gb-container gb-container-ec5081bc\">\n\n<h3 class=\"gb-headline gb-headline-eba0a81b gb-headline-text\">\u00bfBuscas productos de ganaderos\/as adheridos\/as al proyecto Reba\u00f1os de Fuego?<\/h3>\n\n\n\n<p class=\"gb-headline gb-headline-1af69a31 gb-headline-text\">En la secci\u00f3n Actores de la web, puedes filtrar por producto a fin de saber los establecimientos o explotaciones ganaderas donde puedes comprar o consumir productos de Reba\u00f1os de Fuego.<\/p>\n\n<\/div>\n\n\n<a class=\"gb-button gb-button-70d032a6 gb-button-text btn-primary-neg\" href=\"https:\/\/www.ramatsdefoc.org\/ca\/actors\/\" target=\"_blank\" rel=\"noopener noreferrer\">Cons\u00faltalo aqu\u00ed<\/a>\n\n<\/div>\n<\/div>\n\n<div class=\"gb-container gb-container-8384abd2 alignfull\">\n\n<div class=\"gb-grid-wrapper gb-grid-wrapper-e736b827 random-order-query gb-query-loop-wrapper\">\n<div class=\"gb-grid-column gb-grid-column-e073fe3e gb-query-loop-item post-2264 fitxa_cataleg type-fitxa_cataleg status-publish has-post-thumbnail hentry activitat-ganadero-a producte-cordero producte-ternera\"><div class=\"gb-container gb-container-e073fe3e\" style=\"--background-image: url(https:\/\/www.ramatsdefoc.org\/wp-content\/uploads\/2024\/01\/IMG_7830-scaled.jpg);\"><a class=\"gb-container-link\" href=\"https:\/\/www.ramatsdefoc.org\/es\/fitxa_cataleg\/arnau-vilumara-feixa\/\"><\/a><\/div><\/div>\n\n<div class=\"gb-grid-column gb-grid-column-e073fe3e gb-query-loop-item post-2108 fitxa_cataleg type-fitxa_cataleg status-publish has-post-thumbnail hentry activitat-restauracio\"><div class=\"gb-container gb-container-e073fe3e\" style=\"--background-image: url(https:\/\/www.ramatsdefoc.org\/wp-content\/uploads\/2023\/06\/Cafe-del-Centre-61582116517.jpg);\"><a class=\"gb-container-link\" href=\"https:\/\/www.ramatsdefoc.org\/es\/fitxa_cataleg\/restaurant-el-centre\/\"><\/a><\/div><\/div>\n\n<div class=\"gb-grid-column gb-grid-column-e073fe3e gb-query-loop-item post-5406 fitxa_cataleg type-fitxa_cataleg status-publish has-post-thumbnail hentry activitat-carniceria activitat-ganadero-a producte-cordero\"><div class=\"gb-container gb-container-e073fe3e\" style=\"--background-image: url(https:\/\/www.ramatsdefoc.org\/wp-content\/uploads\/2025\/11\/IMG_8889-scaled.jpg);\"><a class=\"gb-container-link\" href=\"https:\/\/www.ramatsdefoc.org\/es\/fitxa_cataleg\/jordi-i-gemma-pla-ovi\/\"><\/a><\/div><\/div>\n\n<div class=\"gb-grid-column gb-grid-column-e073fe3e gb-query-loop-item post-3337 fitxa_cataleg type-fitxa_cataleg status-publish has-post-thumbnail hentry activitat-ganadero-a producte-cordero\"><div class=\"gb-container gb-container-e073fe3e\" style=\"--background-image: url(https:\/\/www.ramatsdefoc.org\/wp-content\/uploads\/2024\/06\/003-scaled.jpg);\"><a class=\"gb-container-link\" href=\"https:\/\/www.ramatsdefoc.org\/es\/fitxa_cataleg\/ramon-fabrega-de-martima\/\"><\/a><\/div><\/div>\n\n<div class=\"gb-grid-column gb-grid-column-e073fe3e gb-query-loop-item post-4616 fitxa_cataleg type-fitxa_cataleg status-publish has-post-thumbnail hentry activitat-restauracion\"><div class=\"gb-container gb-container-e073fe3e\" style=\"--background-image: url(https:\/\/www.ramatsdefoc.org\/wp-content\/uploads\/2025\/05\/Hostalet-1.jpg);\"><a class=\"gb-container-link\" href=\"https:\/\/www.ramatsdefoc.org\/es\/fitxa_cataleg\/lhostalet\/\"><\/a><\/div><\/div>\n\n<div class=\"gb-grid-column gb-grid-column-e073fe3e gb-query-loop-item post-4946 fitxa_cataleg type-fitxa_cataleg status-publish has-post-thumbnail hentry activitat-ganadero-a producte-cordero\"><div class=\"gb-container gb-container-e073fe3e\" style=\"--background-image: url(https:\/\/www.ramatsdefoc.org\/wp-content\/uploads\/2025\/09\/IMG_8125-scaled.jpg);\"><a class=\"gb-container-link\" href=\"https:\/\/www.ramatsdefoc.org\/es\/fitxa_cataleg\/jordi-navarra\/\"><\/a><\/div><\/div>\n\n<div class=\"gb-grid-column gb-grid-column-e073fe3e gb-query-loop-item post-5417 fitxa_cataleg type-fitxa_cataleg status-publish has-post-thumbnail hentry activitat-ganadero-a producte-leche-de-cabra producte-yogur-de-cabra\"><div class=\"gb-container gb-container-e073fe3e\" style=\"--background-image: url(https:\/\/www.ramatsdefoc.org\/wp-content\/uploads\/2026\/04\/IMG_8485-scaled.jpg);\"><a class=\"gb-container-link\" href=\"https:\/\/www.ramatsdefoc.org\/es\/fitxa_cataleg\/carles-cobo-de-aliment-huma\/\"><\/a><\/div><\/div>\n\n<div class=\"gb-grid-column gb-grid-column-e073fe3e gb-query-loop-item post-4113 fitxa_cataleg type-fitxa_cataleg status-publish has-post-thumbnail hentry activitat-ganadero-a producte-cordero\"><div class=\"gb-container gb-container-e073fe3e\" style=\"--background-image: url(https:\/\/www.ramatsdefoc.org\/wp-content\/uploads\/2025\/02\/IMG_7984-scaled.jpg);\"><a class=\"gb-container-link\" href=\"https:\/\/www.ramatsdefoc.org\/es\/fitxa_cataleg\/josep-maria-ferro\/\"><\/a><\/div><\/div>\n<\/div>\n\n<\/div>","protected":false},"excerpt":{"rendered":"<p>\u00bfBuscas productos de ganaderos\/as adheridos\/as al proyecto Reba\u00f1os de Fuego? En la secci\u00f3n Actores de la web, puedes filtrar por producto a fin de saber los establecimientos o explotaciones ganaderas donde puedes comprar o consumir &#8230; <a title=\"Los productos\" class=\"read-more\" href=\"https:\/\/www.ramatsdefoc.org\/es\/els-productes\/\" aria-label=\"Leer m\u00e1s sobre Los productos\">Llegir m\u00e9s<\/a><\/p>\n","protected":false},"author":4,"featured_media":0,"parent":0,"menu_order":0,"comment_status":"closed","ping_status":"closed","template":"","meta":{"_acf_changed":false,"footnotes":""},"class_list":["post-3276","page","type-page","status-publish"],"acf":[],"_links":{"self":[{"href":"https:\/\/www.ramatsdefoc.org\/es\/wp-json\/wp\/v2\/pages\/3276","targetHints":{"allow":["GET"]}}],"collection":[{"href":"https:\/\/www.ramatsdefoc.org\/es\/wp-json\/wp\/v2\/pages"}],"about":[{"href":"https:\/\/www.ramatsdefoc.org\/es\/wp-json\/wp\/v2\/types\/page"}],"author":[{"embeddable":true,"href":"https:\/\/www.ramatsdefoc.org\/es\/wp-json\/wp\/v2\/users\/4"}],"replies":[{"embeddable":true,"href":"https:\/\/www.ramatsdefoc.org\/es\/wp-json\/wp\/v2\/comments?post=3276"}],"version-history":[{"count":5,"href":"https:\/\/www.ramatsdefoc.org\/es\/wp-json\/wp\/v2\/pages\/3276\/revisions"}],"predecessor-version":[{"id":3720,"href":"https:\/\/www.ramatsdefoc.org\/es\/wp-json\/wp\/v2\/pages\/3276\/revisions\/3720"}],"wp:attachment":[{"href":"https:\/\/www.ramatsdefoc.org\/es\/wp-json\/wp\/v2\/media?parent=3276"}],"curies":[{"name":"wp","href":"https:\/\/api.w.org\/{rel}","templated":true}]}}