{"id":260,"date":"2018-10-30T12:31:59","date_gmt":"2018-10-30T10:31:59","guid":{"rendered":"https:\/\/www.ramatsdefoc.org\/?page_id=260"},"modified":"2025-03-25T13:08:34","modified_gmt":"2025-03-25T11:08:34","slug":"unete","status":"publish","type":"page","link":"https:\/\/www.ramatsdefoc.org\/es\/unete\/","title":{"rendered":"\u00danete"},"content":{"rendered":"<div class=\"gb-container gb-container-f2b1b138\">\n<div class=\"gb-grid-wrapper gb-grid-wrapper-e7861213\">\n<div class=\"gb-grid-column gb-grid-column-7d002659\"><div class=\"gb-container gb-container-7d002659\">\n\n<div class=\"gb-headline gb-headline-fda7c7e9 gb-headline-text gbp-section__tagline\">contacto<\/div>\n\n\n<h1 class=\"gb-headline gb-headline-32d3975f gb-headline-text\">\u00danete<\/h1>\n\n\n<div class=\"gb-headline gb-headline-758fd936 gb-headline-text gbp-section__text\">Te puede interesar ser parte de Reba\u00f1os de Fuego si eres <strong>ganadero o ganadera<\/strong> y tu \u00e1rea de pasto coincide con una de las zonas estrat\u00e9gicas para la gesti\u00f3n del riesgo de incendios forestales o bien tienes inter\u00e9s en llevar tu reba\u00f1o a estas zonas; o si eres un <strong>punto de venta o restaurante<\/strong> y quieres ofrecer producto de proximidad con valor a\u00f1adido; o si eres <strong>propietario o propietaria forestal<\/strong> y tu propiedad coincide con la localizaci\u00f3n de las zonas estrat\u00e9gicas para la gesti\u00f3n de incendios y quieres gestionarla mediante el silvopasto.<\/div>\n\n<\/div><\/div>\n\n<div class=\"gb-grid-column gb-grid-column-a464a15e\"><div class=\"gb-container gb-container-a464a15e\">\n\n<div class=\"gb-headline gb-headline-02ffcde7\"><span class=\"gb-icon\"><svg viewBox=\"0 0 92.8 119.2\" style=\"enable-background:new 0 0 92.8 119.2\" xml:space=\"preserve\"><path d=\"M64.7 118.8c-.6-.2 2.4-3.1 3.6-5.3.5-1 1.3-2.4 1.9-4.3.4-1.3 1.2-3.6 1.2-6.6 0-4.2-1.6-7.4-2.6-9.4s-2.4-4-4-5.7c-3.2-3.5-6.7-6.8-10-10.3-3.8-4.2-7.1-8.7-8.4-14.3-.4-1.5-.8-2.9-.7-4.4.1-.6.2-1.4-.6-1.7-.6-.2-1 .2-1.5.5-9 6.3-15.8 14.6-20.5 24.4-2.6 5.3-4.3 11-3.8 17 .5 5.9 2.1 11.6 6 16.3.4.4.8.8.9 1.4 0 .2 0 .6-.2.8-.3.3-.6.3-1 .1-8.9-5.2-16.4-11.6-20.9-21.2C1 89.4-.4 82.5.8 75.3c.7-4.4 2.4-8.6 4.5-12.6 2.9-5.5 7-10.2 10.9-14.9C21 42 25.6 35.9 28.9 29.1c3.3-6.7 5.1-13.8 5-21.4 0-1.7-.2-3.4-.8-5-.3-.7-.5-1.6.2-2.1.7-.4 1.5-.1 2.1.4 1.2.9 2.5 1.6 3.8 2.3 7.2 4.3 14.4 8.7 20.7 14.3 5 4.4 9.5 9.3 13.7 14.5 4.5 5.5 8.6 11.3 12 17.6 4.6 8.6 7.3 17.7 6.8 27.4-.4 7.5-2.1 14.3-5.2 20.5-2.3 4.5-6 12.1-14.4 17.4-3.1 2-7.5 3.9-8.1 3.8z\"><\/path><\/svg><\/span><\/div>\n\n\n\n<h3 class=\"gb-headline gb-headline-2e883477 gb-headline-text\">Ponemos en com\u00fan los intereses de varios actores con el objetivo de gestionar el riesgo de incendios con la ganader\u00eda extensiva.<\/h3>\n\n\n\n<p><\/p>\n\n<\/div><\/div>\n<\/div>\n<\/div>\n\n<div class=\"gb-container gb-container-dc4ac336 alignfull\">\n<div class=\"gb-container gb-container-56aeb7aa\">\n<div class=\"gb-grid-wrapper gb-grid-wrapper-a026f641\">\n<div class=\"gb-grid-column gb-grid-column-b593bfa5\"><div class=\"gb-container gb-container-b593bfa5\">\n\n<h2 class=\"gb-headline gb-headline-e4b802ea gb-headline-text\">\u00a1Adhi\u00e9rete a la marca \u00abRamats de Foc\u00bb!<\/h2>\n\n\n\n<p>Rellena y envia este formulario y nos pondremos en contacto contigo para informarte sobre el proceso de adhesi\u00f3n. \u00a1Gracias!<\/p>\n\n<\/div><\/div>\n\n<div class=\"gb-grid-column gb-grid-column-995a8051\"><div class=\"gb-container gb-container-995a8051 parlem-form\">\n\n<div class=\"wp-block-contact-form-7-contact-form-selector\">\n<div class=\"wpcf7 no-js\" id=\"wpcf7-f498-o1\" lang=\"ca\" dir=\"ltr\" data-wpcf7-id=\"498\">\n<div class=\"screen-reader-response\"><p role=\"status\" aria-live=\"polite\" aria-atomic=\"true\"><\/p> <ul><\/ul><\/div>\n<form action=\"\/es\/wp-json\/wp\/v2\/pages\/260#wpcf7-f498-o1\" method=\"post\" class=\"wpcf7-form init\" aria-label=\"Formulari de contacte\" novalidate=\"novalidate\" data-status=\"init\">\n<fieldset class=\"hidden-fields-container\"><input type=\"hidden\" name=\"_wpcf7\" value=\"498\" \/><input type=\"hidden\" name=\"_wpcf7_version\" value=\"6.1.4\" \/><input type=\"hidden\" name=\"_wpcf7_locale\" value=\"ca\" \/><input type=\"hidden\" name=\"_wpcf7_unit_tag\" value=\"wpcf7-f498-o1\" \/><input type=\"hidden\" name=\"_wpcf7_container_post\" value=\"0\" \/><input type=\"hidden\" name=\"_wpcf7_posted_data_hash\" value=\"\" \/>\n<\/fieldset>\n<p><label><span class=\"wpcf7-form-control-wrap\" data-name=\"you-name\"><input size=\"40\" maxlength=\"400\" class=\"wpcf7-form-control wpcf7-text wpcf7-validates-as-required\" aria-required=\"true\" aria-invalid=\"false\" placeholder=\"Nombre*\" value=\"\" type=\"text\" name=\"you-name\" \/><\/span><\/label><br \/>\n<label><span class=\"wpcf7-form-control-wrap\" data-name=\"your-email\"><input size=\"40\" maxlength=\"400\" class=\"wpcf7-form-control wpcf7-email wpcf7-validates-as-required wpcf7-text wpcf7-validates-as-email\" aria-required=\"true\" aria-invalid=\"false\" placeholder=\"Correo electr\u00f3nico*\" value=\"\" type=\"email\" name=\"your-email\" \/><\/span><\/label><br \/>\n<label><span class=\"wpcf7-form-control-wrap\" data-name=\"phone\"><input size=\"40\" maxlength=\"400\" class=\"wpcf7-form-control wpcf7-text wpcf7-validates-as-required\" aria-required=\"true\" aria-invalid=\"false\" placeholder=\"Tel\u00e9fono*\" value=\"\" type=\"text\" name=\"phone\" \/><\/span><\/label><br \/>\n<label><span class=\"wpcf7-form-control-wrap\" data-name=\"city\"><input size=\"40\" maxlength=\"400\" class=\"wpcf7-form-control wpcf7-text\" aria-invalid=\"false\" placeholder=\"Poblaci\u00f3n\" value=\"\" type=\"text\" name=\"city\" \/><\/span><\/label><br \/>\n<label><span class=\"wpcf7-form-control-wrap\" data-name=\"company\"><input size=\"40\" maxlength=\"400\" class=\"wpcf7-form-control wpcf7-text\" aria-invalid=\"false\" placeholder=\"Empresa\" value=\"\" type=\"text\" name=\"company\" \/><\/span><\/label><br \/>\n<label><span class=\"wpcf7-form-control-wrap\" data-name=\"message\"><textarea cols=\"40\" rows=\"10\" maxlength=\"2000\" class=\"wpcf7-form-control wpcf7-textarea wpcf7-validates-as-required\" aria-required=\"true\" aria-invalid=\"false\" placeholder=\"Mensaje*\" name=\"message\"><\/textarea><\/span><\/label><br \/>\n<label><span class=\"wpcf7-form-control-wrap\" data-name=\"privacy-policy\"><span class=\"wpcf7-form-control wpcf7-acceptance\"><span class=\"wpcf7-list-item\"><input type=\"checkbox\" name=\"privacy-policy\" value=\"1\" aria-invalid=\"false\" \/><\/span><\/span><\/span> He le\u00eddo y acepto la <a href=\"https:\/\/www.ramatsdefoc.org\/pol\u00edtica-de-privacitat\/\">pol\u00edtica de privacidad<\/a><\/label><br \/>\n<input class=\"wpcf7-form-control wpcf7-submit has-spinner\" type=\"submit\" value=\"Enviar\" \/>\n<\/p><div class=\"wpcf7-response-output\" aria-hidden=\"true\"><\/div>\n<\/form>\n<\/div>\n<\/div>\n\n<\/div><\/div>\n<\/div>\n<\/div>\n<\/div>","protected":false},"excerpt":{"rendered":"","protected":false},"author":2,"featured_media":0,"parent":0,"menu_order":0,"comment_status":"closed","ping_status":"closed","template":"","meta":{"_acf_changed":false,"footnotes":""},"class_list":["post-260","page","type-page","status-publish"],"acf":[],"_links":{"self":[{"href":"https:\/\/www.ramatsdefoc.org\/es\/wp-json\/wp\/v2\/pages\/260","targetHints":{"allow":["GET"]}}],"collection":[{"href":"https:\/\/www.ramatsdefoc.org\/es\/wp-json\/wp\/v2\/pages"}],"about":[{"href":"https:\/\/www.ramatsdefoc.org\/es\/wp-json\/wp\/v2\/types\/page"}],"author":[{"embeddable":true,"href":"https:\/\/www.ramatsdefoc.org\/es\/wp-json\/wp\/v2\/users\/2"}],"replies":[{"embeddable":true,"href":"https:\/\/www.ramatsdefoc.org\/es\/wp-json\/wp\/v2\/comments?post=260"}],"version-history":[{"count":11,"href":"https:\/\/www.ramatsdefoc.org\/es\/wp-json\/wp\/v2\/pages\/260\/revisions"}],"predecessor-version":[{"id":4162,"href":"https:\/\/www.ramatsdefoc.org\/es\/wp-json\/wp\/v2\/pages\/260\/revisions\/4162"}],"wp:attachment":[{"href":"https:\/\/www.ramatsdefoc.org\/es\/wp-json\/wp\/v2\/media?parent=260"}],"curies":[{"name":"wp","href":"https:\/\/api.w.org\/{rel}","templated":true}]}}