{"id":247,"date":"2018-10-30T12:38:57","date_gmt":"2018-10-30T10:38:57","guid":{"rendered":"https:\/\/www.ramatsdefoc.org\/?page_id=247"},"modified":"2024-07-12T15:52:07","modified_gmt":"2024-07-12T13:52:07","slug":"aviso-legal","status":"publish","type":"page","link":"https:\/\/www.ramatsdefoc.org\/es\/aviso-legal\/","title":{"rendered":"Aviso Legal"},"content":{"rendered":"\n<p>El prop\u00f3sito de este Aviso Legal, es informar a los usuarios de <a href=\"https:\/\/www.ramatsdefoc.org\">www.ramatsdefoc.org<\/a> \u00a0domiciliada en, Avinguda Moss\u00e8n Cinto Verdaguer, 42, Escala A, Baixos A\u00a0 cuya raz\u00f3n social del Responsable del tratamiento es FUNDACI\u00d3 D&#8217;ECOLOGIA DEL FOC I GESTI\u00d3 D&#8217;INCENDIS PAU COSTA ALCUBIERRE (PAU COSTA FOUNDATION), de cu\u00e1l es su <strong>pol\u00edtica de protecci\u00f3n de la privacidad y confidencialidad de los datos de car\u00e1cter personal<\/strong> seg\u00fan el Reglamento General de Protecci\u00f3n de Datos (RGPD) que sus usuarios facilitan de forma libre y voluntaria.<\/p>\n\n\n\n<p>FUNDACI\u00d3 D&#8217;ECOLOGIA DEL FOC I GESTI\u00d3 D&#8217;INCENDIS PAU COSTA ALCUBIERRE (PAU COSTA FOUNDATION) pone en su conocimiento que dispone de sus datos de car\u00e1cter personal especificados en el correspondiente registro de actividades del tratamiento de la empresa denominado Gesti\u00f3n de Usuarios Web.<\/p>\n\n\n\n<p>La base legal para el tratamiento de sus datos es el consentimiento\nobtenido del propio titular del tratamiento en el momento de cumplimentar\nnuestro formulario on-line y aceptar de forma expresa el mismo.<\/p>\n\n\n\n<p>La\nfinalidad de la creaci\u00f3n, existencia y mantenimiento es el tratamiento de los\ndatos con los exclusivos fines de de poder hacer efectiva la solicitud de informaci\u00f3n del proyecto\n\u201cRamats de Foc\u201d.<\/p>\n\n\n\n<p>Los destinatarios de la informaci\u00f3n son todos los departamentos, compartimentos, locales y entes asociados en los que se organiza FUNDACI\u00d3 D&#8217;ECOLOGIA DEL FOC I GESTI\u00d3 D&#8217;INCENDIS PAU COSTA ALCUBIERRE (PAU COSTA FOUNDATION) y no ser\u00e1n cedidos a ning\u00fan tercero salvo en los casos que exista una obligaci\u00f3n legal.<\/p>\n\n\n\n<p>En todo caso, usted tiene derecho a obtener confirmaci\u00f3n sobre si en FUNDACI\u00d3 D&#8217;ECOLOGIA DEL FOC I GESTI\u00d3 D&#8217;INCENDIS PAU COSTA ALCUBIERRE \u00a0estamos tratando sus datos personales por tanto tiene derecho a acceder a sus datos personales, rectificar los datos inexactos o solicitar su supresi\u00f3n cuando los datos ya no sean necesarios.<\/p>\n\n\n\n<p>Todos\nlos campos del formulario on-line marcados con un asterisco son de obligada\ncumplimentaci\u00f3n para poder hacer efectiva su solicitud de informaci\u00f3n.<\/p>\n\n\n\n<p>La web <a href=\"https:\/\/www.ramatsdefoc.org\">www.ramatsdefoc.org<\/a> \u00a0ha adoptado las medidas de \u00edndole t\u00e9cnica y organizativas necesarias, seg\u00fan el nivel de seguridad de protecci\u00f3n de datos que le corresponde legalmente, para garantizar la seguridad del tratamiento de datos de car\u00e1cter personal que constituyen su fichero automatizado. Sin embargo, el usuario debe ser consciente de que en la actualidad las medidas de seguridad en Internet no son inexpugnables y por lo tanto no se est\u00e1 a salvo de posibles intromisiones ilegales e indebidas, que no ser\u00edan responsabilidad de FUNDACI\u00d3 D&#8217;ECOLOGIA DEL FOC I GESTI\u00d3 D&#8217;INCENDIS PAU COSTA ALCUBIERRE (PAU COSTA FOUNDATION), ya que ella ha actuado con la diligencia debida para proteger los datos conforme determina la ley.<\/p>\n\n\n\n<p>La pol\u00edtica de cookies de la web <a href=\"https:\/\/www.ramatsdefoc.org\">www.ramatsdefoc.org<\/a> \u00a0se encuentra determinada en el apartado correspondiente.<\/p>\n\n\n\n<p>La web <a href=\"https:\/\/www.ramatsdefoc.org\">www.ramatsdefoc.org<\/a> har\u00e1 todo lo posible porque sus datos est\u00e9n siempre actualizados. No obstante, la responsabilidad acerca de la calidad de los datos depende del titular de ellos, de ah\u00ed que si existe alguna modificaci\u00f3n de los datos el usuario de la web los comunicar\u00e1 al Responsable del Fichero, declinando esta toda responsabilidad en caso de que omita su obligaci\u00f3n de notificar los cambios.<\/p>\n\n\n\n<p>La prestaci\u00f3n del servicio de esta web y las presentes condiciones de Uso del Sitio Web se rigen por la Ley Espa\u00f1ola. Para cualquier discrepancia en la ejecuci\u00f3n, interpretaci\u00f3n, cumplimiento de estas condiciones, las partes se someten a los Juzgados y Tribunales competentes.<\/p>\n","protected":false},"excerpt":{"rendered":"<p>El prop\u00f3sito de este Aviso Legal, es informar a los usuarios de www.ramatsdefoc.org \u00a0domiciliada en, Avinguda Moss\u00e8n Cinto Verdaguer, 42, Escala A, Baixos A\u00a0 cuya raz\u00f3n social del Responsable del tratamiento es FUNDACI\u00d3 D&#8217;ECOLOGIA DEL &#8230; <a title=\"Aviso Legal\" class=\"read-more\" href=\"https:\/\/www.ramatsdefoc.org\/es\/aviso-legal\/\" aria-label=\"Leer m\u00e1s sobre Aviso Legal\">Llegir m\u00e9s<\/a><\/p>\n","protected":false},"author":2,"featured_media":0,"parent":0,"menu_order":0,"comment_status":"closed","ping_status":"closed","template":"","meta":{"_acf_changed":false,"footnotes":""},"class_list":["post-247","page","type-page","status-publish"],"acf":[],"_links":{"self":[{"href":"https:\/\/www.ramatsdefoc.org\/es\/wp-json\/wp\/v2\/pages\/247","targetHints":{"allow":["GET"]}}],"collection":[{"href":"https:\/\/www.ramatsdefoc.org\/es\/wp-json\/wp\/v2\/pages"}],"about":[{"href":"https:\/\/www.ramatsdefoc.org\/es\/wp-json\/wp\/v2\/types\/page"}],"author":[{"embeddable":true,"href":"https:\/\/www.ramatsdefoc.org\/es\/wp-json\/wp\/v2\/users\/2"}],"replies":[{"embeddable":true,"href":"https:\/\/www.ramatsdefoc.org\/es\/wp-json\/wp\/v2\/comments?post=247"}],"version-history":[{"count":4,"href":"https:\/\/www.ramatsdefoc.org\/es\/wp-json\/wp\/v2\/pages\/247\/revisions"}],"predecessor-version":[{"id":3726,"href":"https:\/\/www.ramatsdefoc.org\/es\/wp-json\/wp\/v2\/pages\/247\/revisions\/3726"}],"wp:attachment":[{"href":"https:\/\/www.ramatsdefoc.org\/es\/wp-json\/wp\/v2\/media?parent=247"}],"curies":[{"name":"wp","href":"https:\/\/api.w.org\/{rel}","templated":true}]}}